{"id":208,"date":"2017-02-21T15:37:23","date_gmt":"2017-02-21T15:37:23","guid":{"rendered":"http:\/\/wipraechtigersprachen.ch.saphir.metanet.ch\/?page_id=208"},"modified":"2019-12-20T13:47:46","modified_gmt":"2019-12-20T13:47:46","slug":"disclaimer","status":"publish","type":"page","link":"https:\/\/wipraechtigersprachen.ch\/?page_id=208","title":{"rendered":"Disclaimer"},"content":{"rendered":"<h3>Disclaimer<\/h3>\n<p>Copyright &amp; Disclaimer:<br \/>\nWipr\u00e4chtiger Sprachen<br \/>\nRuflisbergstrasse 15<br \/>\n6006 Luzern<\/p>\n<p>Auf den Zugang und die Benutzung der Website \u00abWipr\u00e4chtiger Sprachen\u00bb anerkennt der Benutzer die rechtlich bindende Wirkung der folgenden Nutzungsbedingungen und des Haftungsausschlusses.<br \/>\nIst der Benutzer mit diesen Nutzungsbedingungen nicht einverstanden, ist ihm der Zugriff auf die Webseite \u00abWipr\u00e4chtiger Sprachen\u00bb nicht gestattet.<\/p>\n<h4>1. Auf der Website ver\u00f6ffentliche Informationen<\/h4>\n<p>\u00abWipr\u00e4chtiger Sprachen\u00bb ist st\u00e4ndig bestrebt, f\u00fcr die Richtigkeit und Aktualit\u00e4t der Informationen auf der vorliegenden Website zu sorgen. \u00abWipr\u00e4chtiger Sprachen\u00bb beh\u00e4lt sich das Recht vor, jederzeit \u00c4nderungen und Aktualisierungen der auf der Website beschriebenen Produkte, Dienstleistungen und Preislisten ohne weitere Vorank\u00fcndigungen vorzunehmen.<br \/>\nDie Webseite \u00abWipr\u00e4chtiger Sprachen\u00bb kann Verweise (Links) zu Informationsangeboten Dritter, die weder Kontrolle noch Verantwortlichkeit der \u00abWipr\u00e4chtiger Sprachen\u00bb unterliegen, enthalten. \u00abWipr\u00e4chtiger Sprachen\u00bb \u00fcbernimmt keinerlei Verantwortung oder Gew\u00e4hr f\u00fcr diese Informationen und billigt oder unterst\u00fctzt diese auch nicht inhaltlich.<\/p>\n<h4>2. Haftungsausschluss<\/h4>\n<p>\u00abWipr\u00e4chtiger Sprachen\u00bb schliesst jede Haftung f\u00fcr unzutreffende, unvollst\u00e4ndige oder veraltete Informationen, die sich auf dieser Website befinden, aus. \u00abWipr\u00e4chtiger Sprachen\u00bb \u00fcbernimmt keine Haftung f\u00fcr die Fehlerhaftigkeit der Funktionen auf der Website.<br \/>\nHaftungsanspr\u00fcche gegen \u00abChinderhuis Nidwalden\u00bb, welche sich auf direkte oder indirekte Sch\u00e4den materieller oder ideeller Art beziehen, die durch den Zugriff auf diese Website, ihre Inhalte bzw. darin verlinkte andere Websites und deren Inhalte, durch die Nutzung oder Nichtnutzung der dargebotenen Informationen bzw. durch die Nutzung fehlerhafter und unvollst\u00e4ndiger Informationen verursacht wurden, sind ausdr\u00fccklich ausgeschlossen.<br \/>\n\u00abWipr\u00e4chtiger Sprachen\u00bb erf\u00fcllt bei der Daten\u00fcbermittlung den Sicherheitsstandard SSL. Die Daten\u00fcbertragung per Internet ist dennoch nicht vollst\u00e4ndig gesichert. Die auf der Website \u00abWipr\u00e4chtiger Sprachen\u00bb ver\u00f6ffentlichten Informationen k\u00f6nnen daher St\u00f6rungen und Unterbrechungen unterworfen werden sowie von Missbr\u00e4uchen hinsichtlich Sicherheit und Vertraulichkeit betroffen sein. Aus diesem Grund lehnt \u00abWipr\u00e4chtiger Sprachen\u00bb jede Haftung f\u00fcr den Empfang bzw. Nichtempfang oder die Bearbeitung bzw. Nichtbearbeitung jeder Kommunikation ab, die der Benutzer \u00fcber die vorliegende Website oder \u00fcber eine elektronische Adresse von und an \u00abWipr\u00e4chtiger Sprachen\u00bb \u00fcbermittelt hat.<\/p>\n<h4>3. Datenschutz<\/h4>\n<p>\u00abWipr\u00e4chtiger Sprachen\u00bb erhebt und speichert pers\u00f6nliche Kundendaten, soweit dies f\u00fcr die Gesch\u00e4ftsabwicklung erforderlich ist. Die Bearbeitung von Personendaten der Benutzer unterliegt den Bestimmungen der Schweizerischen Datenschutzgesetzgebung. Die vom Benutzer \u00fcbermittelten Personendaten werden nicht an Dritte weitergegeben und lediglich f\u00fcr den jeweils angegebenen Zweck benutzt.<\/p>\n<h4>4. Google Analytics<\/h4>\n<p>Diese Website benutzt Google Analytics, einen Webanalysedienst der Google Inc., 1600 Amphitheatre Parkway, Mountain View, CA 94043, USA (\u201eGoogle\u201c). Google Analytics verwendet Textdateien (sog. \u201eCookies\u201c), die auf dem Computer des Benutzers gespeichert werden und eine Analyse der Websitebenutzung erm\u00f6glichen. Die durch den Cookie erzeugten Informationen \u00fcber die Benutzung dieser Website (einschlie\u00dflich der IP-Adresse) werden an einen Server von Google in den USA \u00fcbertragen und dort gespeichert.<br \/>\nGoogle wird diese Informationen benutzen, um die Websitenutzung auszuwerten, Berichte \u00fcber die Websiteaktivit\u00e4ten f\u00fcr die Websitebetreiber verfassen und weitere mit der Website- und Internetnutzung verbundene Dienstleistungen zu erbringen. Sofern gesetzlich vorgeschrieben oder soweit Dritte diese Daten im Auftrag von Google verarbeiten, ist Google verpflichtet bzw. befugt, diese Informationen gegebenenfalls an Dritte zu \u00fcbertragen. In keinem Fall wird die IP-Adresse mit anderen Daten der Google in Verbindung gebracht.<br \/>\nDer Benutzer kann die Installation der Cookies durch eine entsprechende Einstellung der Browser Software verhindern. In diesem Zusammenhang weist \u00abWipr\u00e4chtiger Sprachen\u00bb den Benutzer darauf hin, dass dies eine Nutzungsbeschr\u00e4nkung dieser Website verursachen kann.<br \/>\nDurch die Nutzung dieser Website erkl\u00e4rt sich der Benutzer mit der Bearbeitung der \u00fcber ihn erhobenen Daten durch Google in der oben dargestellten Art und Weise und zu dem zuvor benannten Zweck einverstanden.<\/p>\n<h4>5. Geistiges Eigentum<\/h4>\n<p>Die Inhalte der Website (Texte, Logos, Bilder usw.) sind urheberrechtlich und markenrechtlich gesch\u00fctzt und d\u00fcrfen ausschliesslich im hier geregelten Umfang benutzt werden. Keine weiteren Nutzungsrechte werden \u00fcbertragen. Die g\u00e4nzliche oder teilweise Reproduktion der Inhalte, Herunterladen, Kopieren, Drucken, \u00dcbermitteln auf herk\u00f6mmlicher oder elektronischer Weise, Ver\u00e4ndern von Inhalten und Gestaltung, Herstellung einer elektronischen Verbindung oder Benutzen von Inhalten f\u00fcr \u00f6ffentliche oder kommerzielle Zwecke bedarf der schriftlichen Zustimmung von \u00abWipr\u00e4chtiger Sprachen\u00bb. Die Verkn\u00fcpfungen mit und\/oder zwischen Webseite(n) sind ebenfalls nur mit ausdr\u00fccklicher schriftlicher Zustimmung des Chinderhuis Nidwalden zul\u00e4ssig.<\/p>\n<p>Wipr\u00e4chtiger Sprachen, Ruflisbergstrasse 15, 6006 Luzern<\/p>\n","protected":false},"excerpt":{"rendered":"<p>Disclaimer Copyright &amp; Disclaimer: Wipr\u00e4chtiger Sprachen Ruflisbergstrasse 15 6006 Luzern Auf den Zugang und die Benutzung der Website \u00abWipr\u00e4chtiger Sprachen\u00bb anerkennt der Benutzer die rechtlich bindende Wirkung der folgenden Nutzungsbedingungen und des Haftungsausschlusses. Ist der Benutzer mit diesen Nutzungsbedingungen nicht einverstanden, ist ihm der Zugriff&#8230;<\/p>\n","protected":false},"author":1,"featured_media":0,"parent":0,"menu_order":0,"comment_status":"closed","ping_status":"closed","template":"","meta":[],"_links":{"self":[{"href":"https:\/\/wipraechtigersprachen.ch\/index.php?rest_route=\/wp\/v2\/pages\/208"}],"collection":[{"href":"https:\/\/wipraechtigersprachen.ch\/index.php?rest_route=\/wp\/v2\/pages"}],"about":[{"href":"https:\/\/wipraechtigersprachen.ch\/index.php?rest_route=\/wp\/v2\/types\/page"}],"author":[{"embeddable":true,"href":"https:\/\/wipraechtigersprachen.ch\/index.php?rest_route=\/wp\/v2\/users\/1"}],"replies":[{"embeddable":true,"href":"https:\/\/wipraechtigersprachen.ch\/index.php?rest_route=%2Fwp%2Fv2%2Fcomments&post=208"}],"version-history":[{"count":3,"href":"https:\/\/wipraechtigersprachen.ch\/index.php?rest_route=\/wp\/v2\/pages\/208\/revisions"}],"predecessor-version":[{"id":274,"href":"https:\/\/wipraechtigersprachen.ch\/index.php?rest_route=\/wp\/v2\/pages\/208\/revisions\/274"}],"wp:attachment":[{"href":"https:\/\/wipraechtigersprachen.ch\/index.php?rest_route=%2Fwp%2Fv2%2Fmedia&parent=208"}],"curies":[{"name":"wp","href":"https:\/\/api.w.org\/{rel}","templated":true}]}}