{"id":20,"date":"2017-02-13T18:46:08","date_gmt":"2017-02-13T18:46:08","guid":{"rendered":"http:\/\/wipraechtigersprachen.ch.saphir.metanet.ch\/?page_id=20"},"modified":"2019-12-19T17:16:17","modified_gmt":"2019-12-19T17:16:17","slug":"ueber-mich","status":"publish","type":"page","link":"https:\/\/wipraechtigersprachen.ch\/?page_id=20","title":{"rendered":"\u00dcber mich"},"content":{"rendered":"<p>[vc_row css_animation=&#8220;&#8220; row_type=&#8220;row&#8220; use_row_as_full_screen_section=&#8220;no&#8220; type=&#8220;full_width&#8220; angled_section=&#8220;no&#8220; text_align=&#8220;left&#8220; background_image_as_pattern=&#8220;without_pattern&#8220;][vc_column][vc_empty_space height=&#8220;80px&#8220;][vc_column_text]<\/p>\n<h3>\u00dcber mich<\/h3>\n<p>[\/vc_column_text][vc_empty_space height=&#8220;25px&#8220;][\/vc_column][\/vc_row][vc_row css_animation=&#8220;&#8220; row_type=&#8220;row&#8220; use_row_as_full_screen_section=&#8220;no&#8220; type=&#8220;full_width&#8220; angled_section=&#8220;no&#8220; text_align=&#8220;left&#8220; background_image_as_pattern=&#8220;without_pattern&#8220;][vc_column][vc_column_text]<\/p>\n<h4>Ich habe Freude an der Sprache. Es macht Spass, mit Menschen in anderen Sprachen zu kommunizieren und sich pr\u00e4zis ausdr\u00fccken zu k\u00f6nnen. Diese Freude m\u00f6chte ich weitergeben und gleichzeitig die Grundlagen der Sprache vermitteln, mit denen Sie erfolgreich kommunizieren k\u00f6nnen.<\/h4>\n<p>[\/vc_column_text][vc_empty_space height=&#8220;70px&#8220;][\/vc_column][\/vc_row][vc_row css_animation=&#8220;&#8220; row_type=&#8220;row&#8220; use_row_as_full_screen_section=&#8220;no&#8220; type=&#8220;full_width&#8220; angled_section=&#8220;no&#8220; text_align=&#8220;left&#8220; background_image_as_pattern=&#8220;without_pattern&#8220;][vc_column width=&#8220;1\/2&#8243;][vc_column_text]<\/p>\n<h1>Profitieren Sie von meiner Erfahrung<\/h1>\n<p>[\/vc_column_text][vc_column_text]Durch jahrelange Erfahrung in der Nachhilfe, im Einzelunterricht und als Kursleiterin f\u00fcr Erwachsene habe ich den Blick entwickelt, wo wir am besten anfangen und woran es fehlt, und genau da setzen wir an. Sprachen lernen ist anstrengend, macht aber auch grosse Freude.[\/vc_column_text][vc_empty_space height=&#8220;30px&#8220;][vc_column_text]<\/p>\n<h1>Laufbahn<\/h1>\n<p>[\/vc_column_text][vc_empty_space height=&#8220;15px&#8220;][vc_column_text]<\/p>\n<ul>\n<li>Erwachsenenbildnerin SVEB1<\/li>\n<li>Fernkurs-Matura AKAD inkl. Franz\u00f6sisch, Englisch und Italienisch<\/li>\n<li>Sprachaufenthalte in England, Frankreich und Amerika<\/li>\n<li>Sekundarlehrerinnen-Diplom phil. I der Universit\u00e4t Z\u00fcrich<\/li>\n<li>Unterricht an der Sekundarstufe I<\/li>\n<li>Italienisch- und Englisch-Kurse an der Volkshochschule<\/li>\n<li>Langj\u00e4hrige Erfahrung auf dem Gebiet der schulischen Nachhilfe<\/li>\n<\/ul>\n<p>[\/vc_column_text][vc_empty_space height=&#8220;60px&#8220;][\/vc_column][vc_column width=&#8220;1\/2&#8243;][vc_single_image image=&#8220;118&#8243; img_size=&#8220;medium&#8220; qode_css_animation=&#8220;&#8220;][vc_empty_space height=&#8220;60px&#8220;][\/vc_column][\/vc_row]<\/p>\n","protected":false},"excerpt":{"rendered":"<p>[vc_row css_animation=&#8220;&#8220; row_type=&#8220;row&#8220; use_row_as_full_screen_section=&#8220;no&#8220; type=&#8220;full_width&#8220; angled_section=&#8220;no&#8220; text_align=&#8220;left&#8220; background_image_as_pattern=&#8220;without_pattern&#8220;][vc_column][vc_empty_space height=&#8220;80px&#8220;][vc_column_text] \u00dcber mich [\/vc_column_text][vc_empty_space height=&#8220;25px&#8220;][\/vc_column][\/vc_row][vc_row css_animation=&#8220;&#8220; row_type=&#8220;row&#8220; use_row_as_full_screen_section=&#8220;no&#8220; type=&#8220;full_width&#8220; angled_section=&#8220;no&#8220; text_align=&#8220;left&#8220; background_image_as_pattern=&#8220;without_pattern&#8220;][vc_column][vc_column_text] Ich habe Freude an der Sprache. Es macht Spass, mit Menschen in anderen Sprachen zu kommunizieren und sich pr\u00e4zis ausdr\u00fccken zu k\u00f6nnen. Diese Freude m\u00f6chte&#8230;<\/p>\n","protected":false},"author":1,"featured_media":0,"parent":0,"menu_order":0,"comment_status":"closed","ping_status":"closed","template":"","meta":[],"_links":{"self":[{"href":"https:\/\/wipraechtigersprachen.ch\/index.php?rest_route=\/wp\/v2\/pages\/20"}],"collection":[{"href":"https:\/\/wipraechtigersprachen.ch\/index.php?rest_route=\/wp\/v2\/pages"}],"about":[{"href":"https:\/\/wipraechtigersprachen.ch\/index.php?rest_route=\/wp\/v2\/types\/page"}],"author":[{"embeddable":true,"href":"https:\/\/wipraechtigersprachen.ch\/index.php?rest_route=\/wp\/v2\/users\/1"}],"replies":[{"embeddable":true,"href":"https:\/\/wipraechtigersprachen.ch\/index.php?rest_route=%2Fwp%2Fv2%2Fcomments&post=20"}],"version-history":[{"count":17,"href":"https:\/\/wipraechtigersprachen.ch\/index.php?rest_route=\/wp\/v2\/pages\/20\/revisions"}],"predecessor-version":[{"id":268,"href":"https:\/\/wipraechtigersprachen.ch\/index.php?rest_route=\/wp\/v2\/pages\/20\/revisions\/268"}],"wp:attachment":[{"href":"https:\/\/wipraechtigersprachen.ch\/index.php?rest_route=%2Fwp%2Fv2%2Fmedia&parent=20"}],"curies":[{"name":"wp","href":"https:\/\/api.w.org\/{rel}","templated":true}]}}