{"id":14,"date":"2017-02-13T18:44:48","date_gmt":"2017-02-13T18:44:48","guid":{"rendered":"http:\/\/wipraechtigersprachen.ch.saphir.metanet.ch\/?page_id=14"},"modified":"2020-01-24T20:46:27","modified_gmt":"2020-01-24T20:46:27","slug":"nachhilfe","status":"publish","type":"page","link":"https:\/\/wipraechtigersprachen.ch\/?page_id=14","title":{"rendered":"Nachhilfe"},"content":{"rendered":"<p>[vc_row css_animation=&#8220;&#8220; row_type=&#8220;row&#8220; use_row_as_full_screen_section=&#8220;no&#8220; type=&#8220;full_width&#8220; angled_section=&#8220;no&#8220; text_align=&#8220;left&#8220; background_image_as_pattern=&#8220;without_pattern&#8220;][vc_column][vc_empty_space height=&#8220;80px&#8220;][vc_column_text]<\/p>\n<h3>professionell, nachhaltig, kurzweilig \u2013<br \/>\nNachhilfe f\u00fcr Sch\u00fcler\/innen<\/h3>\n<p>[\/vc_column_text][vc_empty_space height=&#8220;25px&#8220;][\/vc_column][\/vc_row][vc_row css_animation=&#8220;&#8220; row_type=&#8220;row&#8220; use_row_as_full_screen_section=&#8220;no&#8220; type=&#8220;full_width&#8220; angled_section=&#8220;no&#8220; text_align=&#8220;left&#8220; background_image_as_pattern=&#8220;without_pattern&#8220;][vc_column][vc_column_text]<\/p>\n<h4>Haben Sie in letzter Zeit in einem Sprachfach die Z\u00fcgel schleifen lassen? Sind Sie bei bestimmten Grammatikthemen unsicher? Haben Sie Hemmungen, vor der Klasse einen fremdsprachigen Satz zu formulieren? M\u00f6chten Sie mit professioneller Hilfe L\u00f6cher stopfen, um nachher wieder selbstst\u00e4ndig \u2013 aber motivierter \u2013 dem Unterricht folgen zu k\u00f6nnen?<\/h4>\n<p>[\/vc_column_text][vc_empty_space height=&#8220;15px&#8220;][vc_column_text]<\/p>\n<h4>Dann sind Sie bei mir genau richtig.<\/h4>\n<p>[\/vc_column_text][vc_empty_space height=&#8220;70px&#8220;][\/vc_column][\/vc_row][vc_row css_animation=&#8220;&#8220; row_type=&#8220;row&#8220; use_row_as_full_screen_section=&#8220;no&#8220; type=&#8220;full_width&#8220; angled_section=&#8220;no&#8220; text_align=&#8220;left&#8220; background_image_as_pattern=&#8220;without_pattern&#8220;][vc_column width=&#8220;1\/2&#8243;][vc_column_text]<\/p>\n<h1>Philosophie<\/h1>\n<p>[\/vc_column_text][vc_column_text]Ich mag junge Leute und arbeite gern mit ihnen. Ich hole sie genau dort ab, wo sie stehen. Ich helfe ihnen dabei, ihre ganz speziellen Schwierigkeiten zu diagnostizieren, daran zu arbeiten und sie schliesslich zu meistern. Es ist Schwerarbeit, aber ich kann Ihnen versichern, es macht sehr oft auch Spass. Langweilig wird es uns nie![\/vc_column_text][vc_empty_space height=&#8220;30px&#8220;][vc_column_text]<\/p>\n<h1>Angebot<\/h1>\n<p>[\/vc_column_text][vc_empty_space height=&#8220;15px&#8220;][vc_column_text]<\/p>\n<h2><\/h2>\n<h2>W\u00f6chentliche Lektionen oder Einzellektionen<\/h2>\n<p>Franz\u00f6sisch\/Englisch\/Italienisch\/Deutsch f\u00fcr<\/p>\n<ul>\n<li>Primarschule<\/li>\n<li>Sekundarschule<\/li>\n<li>Gymnasium<\/li>\n<li>Berufsschule (Lehre, KV, BMS)<\/li>\n<\/ul>\n<p>[\/vc_column_text][vc_empty_space height=&#8220;15px&#8220;][vc_column_text]<\/p>\n<h2>Intensivunterricht zum Stufenwechsel oder w\u00e4hrend der Schulferien<\/h2>\n<p>Macht Ihnen der bevorstehende Wechsel in eine neue Klasse oder Stufe zu schaffen?<\/p>\n<p>M\u00f6chten Sie die Grammatikkenntnisse auffrischen, Verben trainieren, H\u00f6ren, Lesen und Sprechen \u00fcben?<\/p>\n<p>Einzelunterricht bringt Sie zu konzentriertem, effizientem Arbeiten. Sie werden staunen, wie weit wir gemeinsam kommen.[\/vc_column_text][vc_empty_space height=&#8220;30px&#8220;][vc_column_text]<\/p>\n<h1>Lernort<\/h1>\n<p>[\/vc_column_text][vc_column_text]Luzern, <a href=\"http:\/\/wipraechtigersprachen.ch.saphir.metanet.ch\/?page_id=24\">Ruflisbergstrasse 15<\/a>[\/vc_column_text][vc_empty_space height=&#8220;30px&#8220;][vc_column_text]<\/p>\n<h1>Preise und Konditionen<\/h1>\n<p>[\/vc_column_text][vc_column_text]60 Min.-Lektion 60.\u2013<br \/>\n90 Min.-Lektion 75.\u2013<br \/>\n120 Min.-Lektion 90.\u2013<\/p>\n<p>Abonnements von 6 Lektionen, einzelne Lektionen nach Bedarf m\u00f6glich.<br \/>\nVorauszahlung oder bar bei jeder Lektion.[\/vc_column_text][vc_empty_space height=&#8220;60px&#8220;]<a  itemprop=\"url\" href=\"http:\/\/wipraechtigersprachen.ch.saphir.metanet.ch\/?page_id=24\" target=\"_self\"  class=\"qbutton  large default\" style=\"\">Kontaktieren Sie mich bei Fragen<\/a>[vc_empty_space height=&#8220;60px&#8220;][\/vc_column][vc_column width=&#8220;1\/2&#8243;][vc_single_image image=&#8220;68&#8243; img_size=&#8220;full&#8220; qode_css_animation=&#8220;&#8220;][vc_empty_space height=&#8220;50px&#8220;][\/vc_column][\/vc_row]<\/p>\n","protected":false},"excerpt":{"rendered":"<p>[vc_row css_animation=&#8220;&#8220; row_type=&#8220;row&#8220; use_row_as_full_screen_section=&#8220;no&#8220; type=&#8220;full_width&#8220; angled_section=&#8220;no&#8220; text_align=&#8220;left&#8220; background_image_as_pattern=&#8220;without_pattern&#8220;][vc_column][vc_empty_space height=&#8220;80px&#8220;][vc_column_text] professionell, nachhaltig, kurzweilig \u2013 Nachhilfe f\u00fcr Sch\u00fcler\/innen [\/vc_column_text][vc_empty_space height=&#8220;25px&#8220;][\/vc_column][\/vc_row][vc_row css_animation=&#8220;&#8220; row_type=&#8220;row&#8220; use_row_as_full_screen_section=&#8220;no&#8220; type=&#8220;full_width&#8220; angled_section=&#8220;no&#8220; text_align=&#8220;left&#8220; background_image_as_pattern=&#8220;without_pattern&#8220;][vc_column][vc_column_text] Haben Sie in letzter Zeit in einem Sprachfach die Z\u00fcgel schleifen lassen? Sind Sie bei bestimmten Grammatikthemen unsicher? Haben Sie&#8230;<\/p>\n","protected":false},"author":1,"featured_media":0,"parent":0,"menu_order":0,"comment_status":"closed","ping_status":"closed","template":"","meta":[],"_links":{"self":[{"href":"https:\/\/wipraechtigersprachen.ch\/index.php?rest_route=\/wp\/v2\/pages\/14"}],"collection":[{"href":"https:\/\/wipraechtigersprachen.ch\/index.php?rest_route=\/wp\/v2\/pages"}],"about":[{"href":"https:\/\/wipraechtigersprachen.ch\/index.php?rest_route=\/wp\/v2\/types\/page"}],"author":[{"embeddable":true,"href":"https:\/\/wipraechtigersprachen.ch\/index.php?rest_route=\/wp\/v2\/users\/1"}],"replies":[{"embeddable":true,"href":"https:\/\/wipraechtigersprachen.ch\/index.php?rest_route=%2Fwp%2Fv2%2Fcomments&post=14"}],"version-history":[{"count":51,"href":"https:\/\/wipraechtigersprachen.ch\/index.php?rest_route=\/wp\/v2\/pages\/14\/revisions"}],"predecessor-version":[{"id":308,"href":"https:\/\/wipraechtigersprachen.ch\/index.php?rest_route=\/wp\/v2\/pages\/14\/revisions\/308"}],"wp:attachment":[{"href":"https:\/\/wipraechtigersprachen.ch\/index.php?rest_route=%2Fwp%2Fv2%2Fmedia&parent=14"}],"curies":[{"name":"wp","href":"https:\/\/api.w.org\/{rel}","templated":true}]}}